{"id":86,"date":"2024-11-20T14:20:38","date_gmt":"2024-11-20T20:20:38","guid":{"rendered":"https:\/\/aiaz.com.mx\/?page_id=86"},"modified":"2025-01-23T09:55:31","modified_gmt":"2025-01-23T15:55:31","slug":"tramitacion-de-licencia-de-funcionamiento-y-visto-bueno","status":"publish","type":"page","link":"https:\/\/aiaz.com.mx\/index.php\/tramitacion-de-licencia-de-funcionamiento-y-visto-bueno\/","title":{"rendered":"Tramitaci\u00f3n de licencia de funcionamiento y visto bueno"},"content":{"rendered":"\n<div class=\"wp-block-uagb-info-box uagb-block-78ef5e4e uagb-infobox__content-wrap  uagb-infobox-icon-above-title uagb-infobox-image-valign-top\"><div class=\"uagb-ifb-content\"><div class=\"uagb-ifb-title-wrap\"><h3 class=\"uagb-ifb-title\">Beneficio exclusivo para empresas afiliadas<\/h3><\/div><p class=\"uagb-ifb-desc\">Nos complace informar que, como parte de los beneficios exclusivos para las empresas afiliadas a nuestra asociaci\u00f3n, se ofrece el servicio de gestor\u00eda para la Tramitaci\u00f3n de Licencia de Funcionamiento y Visto Bueno a un costo preferencial de $5,000 pesos + IVA. En esta secci\u00f3n, podr\u00e1 acceder a los documentos necesarios para llevar a cabo este tr\u00e1mite:<br><br>&#8211; Propuesta de Gestor\u00eda: Tramitaci\u00f3n y Obtenci\u00f3n de Licencias de Funcionamiento.<br>&#8211; Formato de Revalidaci\u00f3n. <br>&#8211; Formato \u00danico de Requisitos. <br><br>Le invitamos a descargar los documentos y seguir las indicaciones proporcionadas para iniciar el proceso. Este beneficio est\u00e1 disponible exclusivamente para las empresas afiliadas a nuestra asociaci\u00f3n.<\/p><\/div><\/div>\n\n\n\n<div data-wp-interactive=\"core\/file\" class=\"wp-block-file\"><object data-wp-bind--hidden=\"!state.hasPdfPreview\" hidden class=\"wp-block-file__embed\" data=\"https:\/\/aiaz.com.mx\/wp-content\/uploads\/2025\/01\/Gestoria-licencia-de-funcionamiento-1.pdf\" type=\"application\/pdf\" style=\"width:100%;height:600px\" aria-label=\"Incrustado de Gestori\u0301a licencia de funcionamiento.\"><\/object><a id=\"wp-block-file--media-99a7c56e-da42-4e55-9554-ddac429b4e65\" href=\"https:\/\/aiaz.com.mx\/wp-content\/uploads\/2025\/01\/Gestoria-licencia-de-funcionamiento-1.pdf\">Gestori\u0301a licencia de funcionamiento<\/a><a href=\"https:\/\/aiaz.com.mx\/wp-content\/uploads\/2025\/01\/Gestoria-licencia-de-funcionamiento-1.pdf\" class=\"wp-block-file__button wp-element-button\" download aria-describedby=\"wp-block-file--media-99a7c56e-da42-4e55-9554-ddac429b4e65\">Descarga<\/a><\/div>\n\n\n\n<div data-wp-interactive=\"core\/file\" class=\"wp-block-file\"><object data-wp-bind--hidden=\"!state.hasPdfPreview\" hidden class=\"wp-block-file__embed\" data=\"https:\/\/aiaz.com.mx\/wp-content\/uploads\/2025\/01\/Formato-unico-de-revalidacion.pdf\" type=\"application\/pdf\" style=\"width:100%;height:600px\" aria-label=\"Incrustado de Formato u\u0301nico de revalidacio\u0301n.\"><\/object><a id=\"wp-block-file--media-8af00891-ae13-4adc-842c-42ade14b5331\" href=\"https:\/\/aiaz.com.mx\/wp-content\/uploads\/2025\/01\/Formato-unico-de-revalidacion.pdf\">Formato u\u0301nico de revalidacio\u0301n<\/a><a href=\"https:\/\/aiaz.com.mx\/wp-content\/uploads\/2025\/01\/Formato-unico-de-revalidacion.pdf\" class=\"wp-block-file__button wp-element-button\" download aria-describedby=\"wp-block-file--media-8af00891-ae13-4adc-842c-42ade14b5331\">Descarga<\/a><\/div>\n\n\n\n<div data-wp-interactive=\"core\/file\" class=\"wp-block-file\"><object data-wp-bind--hidden=\"!state.hasPdfPreview\" hidden class=\"wp-block-file__embed\" data=\"https:\/\/aiaz.com.mx\/wp-content\/uploads\/2025\/01\/Formato-unico-de-requisitos.pdf\" type=\"application\/pdf\" style=\"width:100%;height:600px\" aria-label=\"Incrustado de Formato u\u0301nico de requisitos.\"><\/object><a id=\"wp-block-file--media-9e13bb4c-6b74-4a5a-823f-52b3909e5e54\" href=\"https:\/\/aiaz.com.mx\/wp-content\/uploads\/2025\/01\/Formato-unico-de-requisitos.pdf\">Formato u\u0301nico de requisitos<\/a><a href=\"https:\/\/aiaz.com.mx\/wp-content\/uploads\/2025\/01\/Formato-unico-de-requisitos.pdf\" class=\"wp-block-file__button wp-element-button\" download aria-describedby=\"wp-block-file--media-9e13bb4c-6b74-4a5a-823f-52b3909e5e54\">Descarga<\/a><\/div>\n\n\n\n<p><\/p>\n","protected":false},"excerpt":{"rendered":"","protected":false},"author":1,"featured_media":211,"parent":0,"menu_order":0,"comment_status":"closed","ping_status":"closed","template":"","meta":{"_uag_custom_page_level_css":"","_themeisle_gutenberg_block_has_review":false,"footnotes":""},"class_list":["post-86","page","type-page","status-publish","has-post-thumbnail","hentry"],"yoast_head":"<!-- This site is optimized with the Yoast SEO plugin v26.5 - https:\/\/yoast.com\/wordpress\/plugins\/seo\/ -->\n<title>Tramitaci\u00f3n de licencia de funcionamiento y visto bueno - Asociaci\u00f3n de Industriales de Atizap\u00e1n de Zaragoza<\/title>\n<meta name=\"robots\" content=\"index, follow, max-snippet:-1, max-image-preview:large, max-video-preview:-1\" \/>\n<link rel=\"canonical\" href=\"https:\/\/aiaz.com.mx\/index.php\/tramitacion-de-licencia-de-funcionamiento-y-visto-bueno\/\" \/>\n<meta property=\"og:locale\" content=\"es_ES\" \/>\n<meta property=\"og:type\" content=\"article\" \/>\n<meta property=\"og:title\" content=\"Tramitaci\u00f3n de licencia de funcionamiento y visto bueno - Asociaci\u00f3n de Industriales de Atizap\u00e1n de Zaragoza\" \/>\n<meta property=\"og:url\" content=\"https:\/\/aiaz.com.mx\/index.php\/tramitacion-de-licencia-de-funcionamiento-y-visto-bueno\/\" \/>\n<meta property=\"og:site_name\" content=\"Asociaci\u00f3n de Industriales de Atizap\u00e1n de Zaragoza\" \/>\n<meta property=\"article:modified_time\" content=\"2025-01-23T15:55:31+00:00\" \/>\n<meta property=\"og:image\" content=\"https:\/\/aiaz.com.mx\/wp-content\/uploads\/2024\/10\/Sin-titulo-190-x-190-px-500-x-500-px-1.png\" \/>\n\t<meta property=\"og:image:width\" content=\"500\" \/>\n\t<meta property=\"og:image:height\" content=\"500\" \/>\n\t<meta property=\"og:image:type\" content=\"image\/png\" \/>\n<meta name=\"twitter:card\" content=\"summary_large_image\" \/>\n<meta name=\"twitter:label1\" content=\"Tiempo de lectura\" \/>\n\t<meta name=\"twitter:data1\" content=\"1 minuto\" \/>\n<script type=\"application\/ld+json\" class=\"yoast-schema-graph\">{\"@context\":\"https:\/\/schema.org\",\"@graph\":[{\"@type\":\"WebPage\",\"@id\":\"https:\/\/aiaz.com.mx\/index.php\/tramitacion-de-licencia-de-funcionamiento-y-visto-bueno\/\",\"url\":\"https:\/\/aiaz.com.mx\/index.php\/tramitacion-de-licencia-de-funcionamiento-y-visto-bueno\/\",\"name\":\"Tramitaci\u00f3n de licencia de funcionamiento y visto bueno - Asociaci\u00f3n de Industriales de Atizap\u00e1n de Zaragoza\",\"isPartOf\":{\"@id\":\"https:\/\/aiaz.com.mx\/#website\"},\"primaryImageOfPage\":{\"@id\":\"https:\/\/aiaz.com.mx\/index.php\/tramitacion-de-licencia-de-funcionamiento-y-visto-bueno\/#primaryimage\"},\"image\":{\"@id\":\"https:\/\/aiaz.com.mx\/index.php\/tramitacion-de-licencia-de-funcionamiento-y-visto-bueno\/#primaryimage\"},\"thumbnailUrl\":\"https:\/\/aiaz.com.mx\/wp-content\/uploads\/2024\/10\/Sin-titulo-190-x-190-px-500-x-500-px-1.png\",\"datePublished\":\"2024-11-20T20:20:38+00:00\",\"dateModified\":\"2025-01-23T15:55:31+00:00\",\"breadcrumb\":{\"@id\":\"https:\/\/aiaz.com.mx\/index.php\/tramitacion-de-licencia-de-funcionamiento-y-visto-bueno\/#breadcrumb\"},\"inLanguage\":\"es\",\"potentialAction\":[{\"@type\":\"ReadAction\",\"target\":[\"https:\/\/aiaz.com.mx\/index.php\/tramitacion-de-licencia-de-funcionamiento-y-visto-bueno\/\"]}]},{\"@type\":\"ImageObject\",\"inLanguage\":\"es\",\"@id\":\"https:\/\/aiaz.com.mx\/index.php\/tramitacion-de-licencia-de-funcionamiento-y-visto-bueno\/#primaryimage\",\"url\":\"https:\/\/aiaz.com.mx\/wp-content\/uploads\/2024\/10\/Sin-titulo-190-x-190-px-500-x-500-px-1.png\",\"contentUrl\":\"https:\/\/aiaz.com.mx\/wp-content\/uploads\/2024\/10\/Sin-titulo-190-x-190-px-500-x-500-px-1.png\",\"width\":500,\"height\":500},{\"@type\":\"BreadcrumbList\",\"@id\":\"https:\/\/aiaz.com.mx\/index.php\/tramitacion-de-licencia-de-funcionamiento-y-visto-bueno\/#breadcrumb\",\"itemListElement\":[{\"@type\":\"ListItem\",\"position\":1,\"name\":\"Portada\",\"item\":\"https:\/\/aiaz.com.mx\/\"},{\"@type\":\"ListItem\",\"position\":2,\"name\":\"Tramitaci\u00f3n de licencia de funcionamiento y visto bueno\"}]},{\"@type\":\"WebSite\",\"@id\":\"https:\/\/aiaz.com.mx\/#website\",\"url\":\"https:\/\/aiaz.com.mx\/\",\"name\":\"Asociaci\u00f3n de Industriales de Atizap\u00e1n de Zaragoza\",\"description\":\"La AIAZ representa activamente a las empresas locales ante el gobierno, fomentando la colaboraci\u00f3n y el desarrollo econ\u00f3mico y social en Atizap\u00e1n de Zaragoza.\",\"publisher\":{\"@id\":\"https:\/\/aiaz.com.mx\/#organization\"},\"potentialAction\":[{\"@type\":\"SearchAction\",\"target\":{\"@type\":\"EntryPoint\",\"urlTemplate\":\"https:\/\/aiaz.com.mx\/?s={search_term_string}\"},\"query-input\":{\"@type\":\"PropertyValueSpecification\",\"valueRequired\":true,\"valueName\":\"search_term_string\"}}],\"inLanguage\":\"es\"},{\"@type\":\"Organization\",\"@id\":\"https:\/\/aiaz.com.mx\/#organization\",\"name\":\"Asociaci\u00f3n de Industriales de Atizap\u00e1n de Zaragoza\",\"url\":\"https:\/\/aiaz.com.mx\/\",\"logo\":{\"@type\":\"ImageObject\",\"inLanguage\":\"es\",\"@id\":\"https:\/\/aiaz.com.mx\/#\/schema\/logo\/image\/\",\"url\":\"https:\/\/aiaz.com.mx\/wp-content\/uploads\/2024\/09\/cropped-LOGO-1200X500.png\",\"contentUrl\":\"https:\/\/aiaz.com.mx\/wp-content\/uploads\/2024\/09\/cropped-LOGO-1200X500.png\",\"width\":1200,\"height\":500,\"caption\":\"Asociaci\u00f3n de Industriales de Atizap\u00e1n de Zaragoza\"},\"image\":{\"@id\":\"https:\/\/aiaz.com.mx\/#\/schema\/logo\/image\/\"}}]}<\/script>\n<!-- \/ Yoast SEO plugin. -->","yoast_head_json":{"title":"Tramitaci\u00f3n de licencia de funcionamiento y visto bueno - Asociaci\u00f3n de Industriales de Atizap\u00e1n de Zaragoza","robots":{"index":"index","follow":"follow","max-snippet":"max-snippet:-1","max-image-preview":"max-image-preview:large","max-video-preview":"max-video-preview:-1"},"canonical":"https:\/\/aiaz.com.mx\/index.php\/tramitacion-de-licencia-de-funcionamiento-y-visto-bueno\/","og_locale":"es_ES","og_type":"article","og_title":"Tramitaci\u00f3n de licencia de funcionamiento y visto bueno - Asociaci\u00f3n de Industriales de Atizap\u00e1n de Zaragoza","og_url":"https:\/\/aiaz.com.mx\/index.php\/tramitacion-de-licencia-de-funcionamiento-y-visto-bueno\/","og_site_name":"Asociaci\u00f3n de Industriales de Atizap\u00e1n de Zaragoza","article_modified_time":"2025-01-23T15:55:31+00:00","og_image":[{"width":500,"height":500,"url":"https:\/\/aiaz.com.mx\/wp-content\/uploads\/2024\/10\/Sin-titulo-190-x-190-px-500-x-500-px-1.png","type":"image\/png"}],"twitter_card":"summary_large_image","twitter_misc":{"Tiempo de lectura":"1 minuto"},"schema":{"@context":"https:\/\/schema.org","@graph":[{"@type":"WebPage","@id":"https:\/\/aiaz.com.mx\/index.php\/tramitacion-de-licencia-de-funcionamiento-y-visto-bueno\/","url":"https:\/\/aiaz.com.mx\/index.php\/tramitacion-de-licencia-de-funcionamiento-y-visto-bueno\/","name":"Tramitaci\u00f3n de licencia de funcionamiento y visto bueno - Asociaci\u00f3n de Industriales de Atizap\u00e1n de Zaragoza","isPartOf":{"@id":"https:\/\/aiaz.com.mx\/#website"},"primaryImageOfPage":{"@id":"https:\/\/aiaz.com.mx\/index.php\/tramitacion-de-licencia-de-funcionamiento-y-visto-bueno\/#primaryimage"},"image":{"@id":"https:\/\/aiaz.com.mx\/index.php\/tramitacion-de-licencia-de-funcionamiento-y-visto-bueno\/#primaryimage"},"thumbnailUrl":"https:\/\/aiaz.com.mx\/wp-content\/uploads\/2024\/10\/Sin-titulo-190-x-190-px-500-x-500-px-1.png","datePublished":"2024-11-20T20:20:38+00:00","dateModified":"2025-01-23T15:55:31+00:00","breadcrumb":{"@id":"https:\/\/aiaz.com.mx\/index.php\/tramitacion-de-licencia-de-funcionamiento-y-visto-bueno\/#breadcrumb"},"inLanguage":"es","potentialAction":[{"@type":"ReadAction","target":["https:\/\/aiaz.com.mx\/index.php\/tramitacion-de-licencia-de-funcionamiento-y-visto-bueno\/"]}]},{"@type":"ImageObject","inLanguage":"es","@id":"https:\/\/aiaz.com.mx\/index.php\/tramitacion-de-licencia-de-funcionamiento-y-visto-bueno\/#primaryimage","url":"https:\/\/aiaz.com.mx\/wp-content\/uploads\/2024\/10\/Sin-titulo-190-x-190-px-500-x-500-px-1.png","contentUrl":"https:\/\/aiaz.com.mx\/wp-content\/uploads\/2024\/10\/Sin-titulo-190-x-190-px-500-x-500-px-1.png","width":500,"height":500},{"@type":"BreadcrumbList","@id":"https:\/\/aiaz.com.mx\/index.php\/tramitacion-de-licencia-de-funcionamiento-y-visto-bueno\/#breadcrumb","itemListElement":[{"@type":"ListItem","position":1,"name":"Portada","item":"https:\/\/aiaz.com.mx\/"},{"@type":"ListItem","position":2,"name":"Tramitaci\u00f3n de licencia de funcionamiento y visto bueno"}]},{"@type":"WebSite","@id":"https:\/\/aiaz.com.mx\/#website","url":"https:\/\/aiaz.com.mx\/","name":"Asociaci\u00f3n de Industriales de Atizap\u00e1n de Zaragoza","description":"La AIAZ representa activamente a las empresas locales ante el gobierno, fomentando la colaboraci\u00f3n y el desarrollo econ\u00f3mico y social en Atizap\u00e1n de Zaragoza.","publisher":{"@id":"https:\/\/aiaz.com.mx\/#organization"},"potentialAction":[{"@type":"SearchAction","target":{"@type":"EntryPoint","urlTemplate":"https:\/\/aiaz.com.mx\/?s={search_term_string}"},"query-input":{"@type":"PropertyValueSpecification","valueRequired":true,"valueName":"search_term_string"}}],"inLanguage":"es"},{"@type":"Organization","@id":"https:\/\/aiaz.com.mx\/#organization","name":"Asociaci\u00f3n de Industriales de Atizap\u00e1n de Zaragoza","url":"https:\/\/aiaz.com.mx\/","logo":{"@type":"ImageObject","inLanguage":"es","@id":"https:\/\/aiaz.com.mx\/#\/schema\/logo\/image\/","url":"https:\/\/aiaz.com.mx\/wp-content\/uploads\/2024\/09\/cropped-LOGO-1200X500.png","contentUrl":"https:\/\/aiaz.com.mx\/wp-content\/uploads\/2024\/09\/cropped-LOGO-1200X500.png","width":1200,"height":500,"caption":"Asociaci\u00f3n de Industriales de Atizap\u00e1n de Zaragoza"},"image":{"@id":"https:\/\/aiaz.com.mx\/#\/schema\/logo\/image\/"}}]}},"uagb_featured_image_src":{"full":["https:\/\/aiaz.com.mx\/wp-content\/uploads\/2024\/10\/Sin-titulo-190-x-190-px-500-x-500-px-1.png",500,500,false],"thumbnail":["https:\/\/aiaz.com.mx\/wp-content\/uploads\/2024\/10\/Sin-titulo-190-x-190-px-500-x-500-px-1-150x150.png",150,150,true],"medium":["https:\/\/aiaz.com.mx\/wp-content\/uploads\/2024\/10\/Sin-titulo-190-x-190-px-500-x-500-px-1-300x300.png",300,300,true],"medium_large":["https:\/\/aiaz.com.mx\/wp-content\/uploads\/2024\/10\/Sin-titulo-190-x-190-px-500-x-500-px-1.png",500,500,false],"large":["https:\/\/aiaz.com.mx\/wp-content\/uploads\/2024\/10\/Sin-titulo-190-x-190-px-500-x-500-px-1.png",500,500,false],"1536x1536":["https:\/\/aiaz.com.mx\/wp-content\/uploads\/2024\/10\/Sin-titulo-190-x-190-px-500-x-500-px-1.png",500,500,false],"2048x2048":["https:\/\/aiaz.com.mx\/wp-content\/uploads\/2024\/10\/Sin-titulo-190-x-190-px-500-x-500-px-1.png",500,500,false],"hestia-blog":["https:\/\/aiaz.com.mx\/wp-content\/uploads\/2024\/10\/Sin-titulo-190-x-190-px-500-x-500-px-1-360x240.png",360,240,true]},"uagb_author_info":{"display_name":"admin","author_link":"https:\/\/aiaz.com.mx\/index.php\/author\/admin_9me9vffn\/"},"uagb_comment_info":0,"uagb_excerpt":null,"_links":{"self":[{"href":"https:\/\/aiaz.com.mx\/index.php\/wp-json\/wp\/v2\/pages\/86","targetHints":{"allow":["GET"]}}],"collection":[{"href":"https:\/\/aiaz.com.mx\/index.php\/wp-json\/wp\/v2\/pages"}],"about":[{"href":"https:\/\/aiaz.com.mx\/index.php\/wp-json\/wp\/v2\/types\/page"}],"author":[{"embeddable":true,"href":"https:\/\/aiaz.com.mx\/index.php\/wp-json\/wp\/v2\/users\/1"}],"replies":[{"embeddable":true,"href":"https:\/\/aiaz.com.mx\/index.php\/wp-json\/wp\/v2\/comments?post=86"}],"version-history":[{"count":8,"href":"https:\/\/aiaz.com.mx\/index.php\/wp-json\/wp\/v2\/pages\/86\/revisions"}],"predecessor-version":[{"id":337,"href":"https:\/\/aiaz.com.mx\/index.php\/wp-json\/wp\/v2\/pages\/86\/revisions\/337"}],"wp:featuredmedia":[{"embeddable":true,"href":"https:\/\/aiaz.com.mx\/index.php\/wp-json\/wp\/v2\/media\/211"}],"wp:attachment":[{"href":"https:\/\/aiaz.com.mx\/index.php\/wp-json\/wp\/v2\/media?parent=86"}],"curies":[{"name":"wp","href":"https:\/\/api.w.org\/{rel}","templated":true}]}}